{"id":15,"date":"2021-01-26T18:03:03","date_gmt":"2021-01-26T18:03:03","guid":{"rendered":"https:\/\/www.seniorenakademie-seegemeinden.ch\/_temp\/?page_id=15"},"modified":"2025-02-04T13:40:14","modified_gmt":"2025-02-04T13:40:14","slug":"sponsoren","status":"publish","type":"page","link":"https:\/\/seniorenakademie-seegemeinden.ch\/index.php\/sponsoren\/","title":{"rendered":"Sponsoren"},"content":{"rendered":"\n<h1>Danke f\u00fcr die Unterst\u00fctzung<\/h1>\n\n\n\n<p>Die Teilnahme an den Vorlesungen der SeniorenAkademie ist kostenlos.<br>Wir werden von folgenden Institutionen, Firmen und Privatpersonen unterst\u00fctzt:<br><\/p>\n\n\n\n<p>Gemeinde Weggis, Gemeinde Vitznau, Gemeinde Greppen, Bezirk Gersau,<br>Pro Senectute: Gemeinsam st\u00e4rker, Andreas Kuhn Stiftung, Cosmotrans AG \u2013 Hans Wirth, RigiPlus und Rigi Bahnen.<\/p>\n\n\n\n<p><strong>Ap\u00e9ro<\/strong><br>Damit wir nach den Veranstaltungen den Ap\u00e9ro weiterhin offerieren k\u00f6nnen, sind wir auch auf Ihre Mitwirkung angewiesen. M\u00f6chten Sie die Kosten f\u00fcr einen Ap\u00e9ro \u00fcbernehmen? Sie werden in unserem Programm erw\u00e4hnt und erhalten die M\u00f6glichkeit, \u00abIhre\u00bb Vorlesung zu er\u00f6ffnen.<\/p>\n\n\n\n<p><strong>Spenden<\/strong><br>Die SeniorenAkademie Seegemeinden hat einen festen Platz im Seniorenangebot unserer Region. Die Veranstaltungen m\u00f6chten wir weiterhin kostenlos anbieten. Mit einer freiwilligen Spende helfen Sie mit, dass dies so bleibt. Vielen herzlichen Dank f\u00fcr Ihre Unterst\u00fctzung.<\/p>\n\n\n\n<p>Luzerner Kantonalbank AG, CH49 0077 8205 7390 4200 1<br>SeniorenAkademie Seegemeinden, 6353 Weggis<\/p>\n\n\n\n<figure class=\"wp-block-image size-full is-resized\"><a href=\"https:\/\/seniorenakademie-seegemeinden.ch\/wp-content\/uploads\/2024\/04\/einzahlungsschein_seniorenAkademie.pdf\" target=\"_blank\" rel=\"noopener\"><img loading=\"lazy\" src=\"https:\/\/seniorenakademie-seegemeinden.ch\/wp-content\/uploads\/2024\/04\/qr_code_EZ.png\" alt=\"QR-Code mit Link zum Einzahlungsschein f\u00fcr die SeniorenAkademie der Seegemeinden\" class=\"wp-image-655\" width=\"148\" height=\"148\"\/><\/a><\/figure>\n","protected":false},"excerpt":{"rendered":"<p>Danke f\u00fcr die Unterst\u00fctzung Die Teilnahme an den Vorlesungen der SeniorenAkademie ist kostenlos.Wir werden von folgenden Institutionen, Firmen und Privatpersonen unterst\u00fctzt: Gemeinde Weggis, Gemeinde Vitznau, Gemeinde Greppen, Bezirk Gersau,Pro Senectute: Gemeinsam st\u00e4rker, Andreas Kuhn Stiftung, Cosmotrans AG \u2013 Hans Wirth, RigiPlus und Rigi Bahnen. Ap\u00e9roDamit wir nach den Veranstaltungen den Ap\u00e9ro weiterhin offerieren k\u00f6nnen, sind [&hellip;]<\/p>\n","protected":false},"author":1,"featured_media":45,"parent":0,"menu_order":4,"comment_status":"closed","ping_status":"closed","template":"","meta":{"inline_featured_image":false},"yoast_head":"<!-- This site is optimized with the Yoast SEO plugin v19.0 - https:\/\/yoast.com\/wordpress\/plugins\/seo\/ -->\n<title>Sponsoren | SeniorenAkademie Seegemeinden<\/title>\n<meta name=\"robots\" content=\"index, follow, max-snippet:-1, max-image-preview:large, max-video-preview:-1\" \/>\n<link rel=\"canonical\" href=\"https:\/\/seniorenakademie-seegemeinden.ch\/index.php\/sponsoren\/\" \/>\n<meta property=\"og:locale\" content=\"de_DE\" \/>\n<meta property=\"og:type\" content=\"article\" \/>\n<meta property=\"og:title\" content=\"Sponsoren | SeniorenAkademie Seegemeinden\" \/>\n<meta property=\"og:description\" content=\"Danke f\u00fcr die Unterst\u00fctzung Die Teilnahme an den Vorlesungen der SeniorenAkademie ist kostenlos.Wir werden von folgenden Institutionen, Firmen und Privatpersonen unterst\u00fctzt: Gemeinde Weggis, Gemeinde Vitznau, Gemeinde Greppen, Bezirk Gersau,Pro Senectute: Gemeinsam st\u00e4rker, Andreas Kuhn Stiftung, Cosmotrans AG \u2013 Hans Wirth, RigiPlus und Rigi Bahnen. Ap\u00e9roDamit wir nach den Veranstaltungen den Ap\u00e9ro weiterhin offerieren k\u00f6nnen, sind [&hellip;]\" \/>\n<meta property=\"og:url\" content=\"https:\/\/seniorenakademie-seegemeinden.ch\/index.php\/sponsoren\/\" \/>\n<meta property=\"og:site_name\" content=\"SeniorenAkademie Seegemeinden\" \/>\n<meta property=\"article:modified_time\" content=\"2025-02-04T13:40:14+00:00\" \/>\n<meta property=\"og:image\" content=\"https:\/\/seniorenakademie-seegemeinden.ch\/wp-content\/uploads\/2021\/02\/Lottenbach-scaled.jpg\" \/>\n\t<meta property=\"og:image:width\" content=\"1920\" \/>\n\t<meta property=\"og:image:height\" content=\"2560\" \/>\n\t<meta property=\"og:image:type\" content=\"image\/jpeg\" \/>\n<meta name=\"twitter:card\" content=\"summary_large_image\" \/>\n<meta name=\"twitter:label1\" content=\"Est. reading time\" \/>\n\t<meta name=\"twitter:data1\" content=\"1 Minute\" \/>\n<script type=\"application\/ld+json\" class=\"yoast-schema-graph\">{\"@context\":\"https:\/\/schema.org\",\"@graph\":[{\"@type\":\"Organization\",\"@id\":\"https:\/\/seniorenakademie-seegemeinden.ch\/#organization\",\"name\":\"SeniorenAkademie Seegemeinden\",\"url\":\"https:\/\/seniorenakademie-seegemeinden.ch\/\",\"sameAs\":[],\"logo\":{\"@type\":\"ImageObject\",\"inLanguage\":\"de-CH\",\"@id\":\"https:\/\/seniorenakademie-seegemeinden.ch\/#\/schema\/logo\/image\/\",\"url\":\"https:\/\/seniorenakademie-seegemeinden.ch\/wp-content\/uploads\/2021\/08\/logo_seniorenakademie_seegemeinden.svg\",\"contentUrl\":\"https:\/\/seniorenakademie-seegemeinden.ch\/wp-content\/uploads\/2021\/08\/logo_seniorenakademie_seegemeinden.svg\",\"width\":\"1024\",\"height\":\"1024\",\"caption\":\"SeniorenAkademie Seegemeinden\"},\"image\":{\"@id\":\"https:\/\/seniorenakademie-seegemeinden.ch\/#\/schema\/logo\/image\/\"}},{\"@type\":\"WebSite\",\"@id\":\"https:\/\/seniorenakademie-seegemeinden.ch\/#website\",\"url\":\"https:\/\/seniorenakademie-seegemeinden.ch\/\",\"name\":\"SeniorenAkademie Seegemeinden\",\"description\":\"Just another WordPress site\",\"publisher\":{\"@id\":\"https:\/\/seniorenakademie-seegemeinden.ch\/#organization\"},\"potentialAction\":[{\"@type\":\"SearchAction\",\"target\":{\"@type\":\"EntryPoint\",\"urlTemplate\":\"https:\/\/seniorenakademie-seegemeinden.ch\/?s={search_term_string}\"},\"query-input\":\"required name=search_term_string\"}],\"inLanguage\":\"de-CH\"},{\"@type\":\"ImageObject\",\"inLanguage\":\"de-CH\",\"@id\":\"https:\/\/seniorenakademie-seegemeinden.ch\/index.php\/sponsoren\/#primaryimage\",\"url\":\"https:\/\/seniorenakademie-seegemeinden.ch\/wp-content\/uploads\/2021\/02\/Lottenbach-scaled.jpg\",\"contentUrl\":\"https:\/\/seniorenakademie-seegemeinden.ch\/wp-content\/uploads\/2021\/02\/Lottenbach-scaled.jpg\",\"width\":1920,\"height\":2560,\"caption\":\"Referat\"},{\"@type\":\"WebPage\",\"@id\":\"https:\/\/seniorenakademie-seegemeinden.ch\/index.php\/sponsoren\/#webpage\",\"url\":\"https:\/\/seniorenakademie-seegemeinden.ch\/index.php\/sponsoren\/\",\"name\":\"Sponsoren | SeniorenAkademie Seegemeinden\",\"isPartOf\":{\"@id\":\"https:\/\/seniorenakademie-seegemeinden.ch\/#website\"},\"primaryImageOfPage\":{\"@id\":\"https:\/\/seniorenakademie-seegemeinden.ch\/index.php\/sponsoren\/#primaryimage\"},\"datePublished\":\"2021-01-26T18:03:03+00:00\",\"dateModified\":\"2025-02-04T13:40:14+00:00\",\"breadcrumb\":{\"@id\":\"https:\/\/seniorenakademie-seegemeinden.ch\/index.php\/sponsoren\/#breadcrumb\"},\"inLanguage\":\"de-CH\",\"potentialAction\":[{\"@type\":\"ReadAction\",\"target\":[\"https:\/\/seniorenakademie-seegemeinden.ch\/index.php\/sponsoren\/\"]}]},{\"@type\":\"BreadcrumbList\",\"@id\":\"https:\/\/seniorenakademie-seegemeinden.ch\/index.php\/sponsoren\/#breadcrumb\",\"itemListElement\":[{\"@type\":\"ListItem\",\"position\":1,\"name\":\"Home\",\"item\":\"https:\/\/seniorenakademie-seegemeinden.ch\/\"},{\"@type\":\"ListItem\",\"position\":2,\"name\":\"Sponsoren\"}]}]}<\/script>\n<!-- \/ Yoast SEO plugin. -->","yoast_head_json":{"title":"Sponsoren | SeniorenAkademie Seegemeinden","robots":{"index":"index","follow":"follow","max-snippet":"max-snippet:-1","max-image-preview":"max-image-preview:large","max-video-preview":"max-video-preview:-1"},"canonical":"https:\/\/seniorenakademie-seegemeinden.ch\/index.php\/sponsoren\/","og_locale":"de_DE","og_type":"article","og_title":"Sponsoren | SeniorenAkademie Seegemeinden","og_description":"Danke f\u00fcr die Unterst\u00fctzung Die Teilnahme an den Vorlesungen der SeniorenAkademie ist kostenlos.Wir werden von folgenden Institutionen, Firmen und Privatpersonen unterst\u00fctzt: Gemeinde Weggis, Gemeinde Vitznau, Gemeinde Greppen, Bezirk Gersau,Pro Senectute: Gemeinsam st\u00e4rker, Andreas Kuhn Stiftung, Cosmotrans AG \u2013 Hans Wirth, RigiPlus und Rigi Bahnen. Ap\u00e9roDamit wir nach den Veranstaltungen den Ap\u00e9ro weiterhin offerieren k\u00f6nnen, sind [&hellip;]","og_url":"https:\/\/seniorenakademie-seegemeinden.ch\/index.php\/sponsoren\/","og_site_name":"SeniorenAkademie Seegemeinden","article_modified_time":"2025-02-04T13:40:14+00:00","og_image":[{"width":1920,"height":2560,"url":"https:\/\/seniorenakademie-seegemeinden.ch\/wp-content\/uploads\/2021\/02\/Lottenbach-scaled.jpg","type":"image\/jpeg"}],"twitter_card":"summary_large_image","twitter_misc":{"Est. reading time":"1 Minute"},"schema":{"@context":"https:\/\/schema.org","@graph":[{"@type":"Organization","@id":"https:\/\/seniorenakademie-seegemeinden.ch\/#organization","name":"SeniorenAkademie Seegemeinden","url":"https:\/\/seniorenakademie-seegemeinden.ch\/","sameAs":[],"logo":{"@type":"ImageObject","inLanguage":"de-CH","@id":"https:\/\/seniorenakademie-seegemeinden.ch\/#\/schema\/logo\/image\/","url":"https:\/\/seniorenakademie-seegemeinden.ch\/wp-content\/uploads\/2021\/08\/logo_seniorenakademie_seegemeinden.svg","contentUrl":"https:\/\/seniorenakademie-seegemeinden.ch\/wp-content\/uploads\/2021\/08\/logo_seniorenakademie_seegemeinden.svg","width":"1024","height":"1024","caption":"SeniorenAkademie Seegemeinden"},"image":{"@id":"https:\/\/seniorenakademie-seegemeinden.ch\/#\/schema\/logo\/image\/"}},{"@type":"WebSite","@id":"https:\/\/seniorenakademie-seegemeinden.ch\/#website","url":"https:\/\/seniorenakademie-seegemeinden.ch\/","name":"SeniorenAkademie Seegemeinden","description":"Just another WordPress site","publisher":{"@id":"https:\/\/seniorenakademie-seegemeinden.ch\/#organization"},"potentialAction":[{"@type":"SearchAction","target":{"@type":"EntryPoint","urlTemplate":"https:\/\/seniorenakademie-seegemeinden.ch\/?s={search_term_string}"},"query-input":"required name=search_term_string"}],"inLanguage":"de-CH"},{"@type":"ImageObject","inLanguage":"de-CH","@id":"https:\/\/seniorenakademie-seegemeinden.ch\/index.php\/sponsoren\/#primaryimage","url":"https:\/\/seniorenakademie-seegemeinden.ch\/wp-content\/uploads\/2021\/02\/Lottenbach-scaled.jpg","contentUrl":"https:\/\/seniorenakademie-seegemeinden.ch\/wp-content\/uploads\/2021\/02\/Lottenbach-scaled.jpg","width":1920,"height":2560,"caption":"Referat"},{"@type":"WebPage","@id":"https:\/\/seniorenakademie-seegemeinden.ch\/index.php\/sponsoren\/#webpage","url":"https:\/\/seniorenakademie-seegemeinden.ch\/index.php\/sponsoren\/","name":"Sponsoren | SeniorenAkademie Seegemeinden","isPartOf":{"@id":"https:\/\/seniorenakademie-seegemeinden.ch\/#website"},"primaryImageOfPage":{"@id":"https:\/\/seniorenakademie-seegemeinden.ch\/index.php\/sponsoren\/#primaryimage"},"datePublished":"2021-01-26T18:03:03+00:00","dateModified":"2025-02-04T13:40:14+00:00","breadcrumb":{"@id":"https:\/\/seniorenakademie-seegemeinden.ch\/index.php\/sponsoren\/#breadcrumb"},"inLanguage":"de-CH","potentialAction":[{"@type":"ReadAction","target":["https:\/\/seniorenakademie-seegemeinden.ch\/index.php\/sponsoren\/"]}]},{"@type":"BreadcrumbList","@id":"https:\/\/seniorenakademie-seegemeinden.ch\/index.php\/sponsoren\/#breadcrumb","itemListElement":[{"@type":"ListItem","position":1,"name":"Home","item":"https:\/\/seniorenakademie-seegemeinden.ch\/"},{"@type":"ListItem","position":2,"name":"Sponsoren"}]}]}},"_links":{"self":[{"href":"https:\/\/seniorenakademie-seegemeinden.ch\/index.php\/wp-json\/wp\/v2\/pages\/15"}],"collection":[{"href":"https:\/\/seniorenakademie-seegemeinden.ch\/index.php\/wp-json\/wp\/v2\/pages"}],"about":[{"href":"https:\/\/seniorenakademie-seegemeinden.ch\/index.php\/wp-json\/wp\/v2\/types\/page"}],"author":[{"embeddable":true,"href":"https:\/\/seniorenakademie-seegemeinden.ch\/index.php\/wp-json\/wp\/v2\/users\/1"}],"replies":[{"embeddable":true,"href":"https:\/\/seniorenakademie-seegemeinden.ch\/index.php\/wp-json\/wp\/v2\/comments?post=15"}],"version-history":[{"count":25,"href":"https:\/\/seniorenakademie-seegemeinden.ch\/index.php\/wp-json\/wp\/v2\/pages\/15\/revisions"}],"predecessor-version":[{"id":703,"href":"https:\/\/seniorenakademie-seegemeinden.ch\/index.php\/wp-json\/wp\/v2\/pages\/15\/revisions\/703"}],"wp:featuredmedia":[{"embeddable":true,"href":"https:\/\/seniorenakademie-seegemeinden.ch\/index.php\/wp-json\/wp\/v2\/media\/45"}],"wp:attachment":[{"href":"https:\/\/seniorenakademie-seegemeinden.ch\/index.php\/wp-json\/wp\/v2\/media?parent=15"}],"curies":[{"name":"wp","href":"https:\/\/api.w.org\/{rel}","templated":true}]}}