{"id":17,"date":"2021-01-26T18:03:37","date_gmt":"2021-01-26T18:03:37","guid":{"rendered":"https:\/\/www.seniorenakademie-seegemeinden.ch\/_temp\/?page_id=17"},"modified":"2026-01-16T10:59:13","modified_gmt":"2026-01-16T10:59:13","slug":"homepage","status":"publish","type":"page","link":"https:\/\/seniorenakademie-seegemeinden.ch\/","title":{"rendered":"Home"},"content":{"rendered":"\n<h1>Herzlich willkommen &#8211; 10 Jahre SeniorenAkademie<\/h1>\n\n\n\n<p>Sehr geehrte Damen und Herren<br>Liebe Seniorinnen und Senioren<\/p>\n\n\n\n<p>Sehr geehrte Damen und Herren, Liebe Seniorinnen und Senioren Ein besonderes Jahr steht bevor: Die SeniorenAkademie feiert 2026 ihr 10-j\u00e4hriges Jubil\u00e4um. Seit einem Jahrzehnt d\u00fcrfen wir gemeinsam mit Ihnen auf Entdeckungsreise gehen. \u00dcber 120 Referenten haben mit Ihren interessanten und spannenden Vortr\u00e4gen unseren Horizont erweitert und uns zu Diskussionen angeregt. Herzlichen Dank f\u00fcr Ihre Treue, Ihr Interesse und Ihre lebendige Teilnahme \u2013 Sie machen die SeniorenAkademie zu dem, was sie ist. <\/p>\n\n\n\n<p>Auch im Jubil\u00e4umsjahr erwartet Sie ein abwechslungsreiches und hochkar\u00e4tiges Programm. Einheimischen Pers\u00f6nlichkeiten, gemischt mit bekannten, nationalen Experten werden wir eine B\u00fchne bieten. Unsere Zusammenarbeit mit dem Partner Gersau bereichert das Angebot. <\/p>\n\n\n\n<p>Zum runden Geburtstag haben wir zudem einige besondere H\u00f6hepunkte vorbereitet, die wir gemeinsam mit Ihnen feiern m\u00f6chten. Wie immer bieten unsere Anl\u00e4sse nicht nur Wissen und Inspiration, sondern auch Raum f\u00fcr Begegnung. Beim anschliessenden Ap\u00e9ritif laden wir Sie herzlich zum Austauschen und Freundschaften schliessen ein. <\/p>\n\n\n\n<p>Reservieren Sie sich die Termine und feiern Sie mit uns 10 Jahre SeniorenAkademie voller Wissen, Begegnung und Inspiration. Wir freuen uns, Sie bei unseren Veranstaltungen begr\u00fcssen zu d\u00fcrfen<\/p>\n\n\n\n<div class=\"wp-block-columns\">\n<div class=\"wp-block-column\" style=\"flex-basis:66.66%\">\n<p>Karl Hoppler<br>Initiant <\/p>\n\n\n\n<p><\/p>\n<\/div>\n\n\n\n<div class=\"wp-block-column\" style=\"flex-basis:33.33%\">\n<figure class=\"wp-block-image size-large\"><img loading=\"lazy\" width=\"200\" height=\"200\" src=\"https:\/\/seniorenakademie-seegemeinden.ch\/wp-content\/uploads\/2021\/02\/karl_hoppler.jpg\" alt=\"\" class=\"wp-image-87\" srcset=\"https:\/\/seniorenakademie-seegemeinden.ch\/wp-content\/uploads\/2021\/02\/karl_hoppler.jpg 200w, https:\/\/seniorenakademie-seegemeinden.ch\/wp-content\/uploads\/2021\/02\/karl_hoppler-150x150.jpg 150w\" sizes=\"(max-width: 200px) 100vw, 200px\" \/><\/figure>\n<\/div>\n<\/div>\n\n\n\n<div style=\"height:50px\" aria-hidden=\"true\" class=\"wp-block-spacer\"><\/div>\n","protected":false},"excerpt":{"rendered":"<p>Herzlich willkommen &#8211; 10 Jahre SeniorenAkademie Sehr geehrte Damen und HerrenLiebe Seniorinnen und Senioren Sehr geehrte Damen und Herren, Liebe Seniorinnen und Senioren Ein besonderes Jahr steht bevor: Die SeniorenAkademie feiert 2026 ihr 10-j\u00e4hriges Jubil\u00e4um. Seit einem Jahrzehnt d\u00fcrfen wir gemeinsam mit Ihnen auf Entdeckungsreise gehen. \u00dcber 120 Referenten haben mit Ihren interessanten und spannenden [&hellip;]<\/p>\n","protected":false},"author":1,"featured_media":0,"parent":0,"menu_order":1,"comment_status":"closed","ping_status":"closed","template":"","meta":{"inline_featured_image":false},"yoast_head":"<!-- This site is optimized with the Yoast SEO plugin v19.0 - https:\/\/yoast.com\/wordpress\/plugins\/seo\/ -->\n<title>Home | SeniorenAkademie Seegemeinden<\/title>\n<meta name=\"robots\" content=\"index, follow, max-snippet:-1, max-image-preview:large, max-video-preview:-1\" \/>\n<link rel=\"canonical\" href=\"https:\/\/seniorenakademie-seegemeinden.ch\/\" \/>\n<meta property=\"og:locale\" content=\"de_DE\" \/>\n<meta property=\"og:type\" content=\"article\" \/>\n<meta property=\"og:title\" content=\"Home | SeniorenAkademie Seegemeinden\" \/>\n<meta property=\"og:description\" content=\"Herzlich willkommen &#8211; 10 Jahre SeniorenAkademie Sehr geehrte Damen und HerrenLiebe Seniorinnen und Senioren Sehr geehrte Damen und Herren, Liebe Seniorinnen und Senioren Ein besonderes Jahr steht bevor: Die SeniorenAkademie feiert 2026 ihr 10-j\u00e4hriges Jubil\u00e4um. Seit einem Jahrzehnt d\u00fcrfen wir gemeinsam mit Ihnen auf Entdeckungsreise gehen. \u00dcber 120 Referenten haben mit Ihren interessanten und spannenden [&hellip;]\" \/>\n<meta property=\"og:url\" content=\"https:\/\/seniorenakademie-seegemeinden.ch\/\" \/>\n<meta property=\"og:site_name\" content=\"SeniorenAkademie Seegemeinden\" \/>\n<meta property=\"article:modified_time\" content=\"2026-01-16T10:59:13+00:00\" \/>\n<meta property=\"og:image\" content=\"https:\/\/seniorenakademie-seegemeinden.ch\/wp-content\/uploads\/2021\/02\/karl_hoppler.jpg\" \/>\n<meta name=\"twitter:card\" content=\"summary_large_image\" \/>\n<meta name=\"twitter:label1\" content=\"Est. reading time\" \/>\n\t<meta name=\"twitter:data1\" content=\"2 Minuten\" \/>\n<script type=\"application\/ld+json\" class=\"yoast-schema-graph\">{\"@context\":\"https:\/\/schema.org\",\"@graph\":[{\"@type\":\"Organization\",\"@id\":\"https:\/\/seniorenakademie-seegemeinden.ch\/#organization\",\"name\":\"SeniorenAkademie Seegemeinden\",\"url\":\"https:\/\/seniorenakademie-seegemeinden.ch\/\",\"sameAs\":[],\"logo\":{\"@type\":\"ImageObject\",\"inLanguage\":\"de-CH\",\"@id\":\"https:\/\/seniorenakademie-seegemeinden.ch\/#\/schema\/logo\/image\/\",\"url\":\"https:\/\/seniorenakademie-seegemeinden.ch\/wp-content\/uploads\/2021\/08\/logo_seniorenakademie_seegemeinden.svg\",\"contentUrl\":\"https:\/\/seniorenakademie-seegemeinden.ch\/wp-content\/uploads\/2021\/08\/logo_seniorenakademie_seegemeinden.svg\",\"width\":\"1024\",\"height\":\"1024\",\"caption\":\"SeniorenAkademie Seegemeinden\"},\"image\":{\"@id\":\"https:\/\/seniorenakademie-seegemeinden.ch\/#\/schema\/logo\/image\/\"}},{\"@type\":\"WebSite\",\"@id\":\"https:\/\/seniorenakademie-seegemeinden.ch\/#website\",\"url\":\"https:\/\/seniorenakademie-seegemeinden.ch\/\",\"name\":\"SeniorenAkademie Seegemeinden\",\"description\":\"Just another WordPress site\",\"publisher\":{\"@id\":\"https:\/\/seniorenakademie-seegemeinden.ch\/#organization\"},\"potentialAction\":[{\"@type\":\"SearchAction\",\"target\":{\"@type\":\"EntryPoint\",\"urlTemplate\":\"https:\/\/seniorenakademie-seegemeinden.ch\/?s={search_term_string}\"},\"query-input\":\"required name=search_term_string\"}],\"inLanguage\":\"de-CH\"},{\"@type\":\"ImageObject\",\"inLanguage\":\"de-CH\",\"@id\":\"https:\/\/seniorenakademie-seegemeinden.ch\/#primaryimage\",\"url\":\"https:\/\/seniorenakademie-seegemeinden.ch\/wp-content\/uploads\/2021\/02\/karl_hoppler.jpg\",\"contentUrl\":\"https:\/\/seniorenakademie-seegemeinden.ch\/wp-content\/uploads\/2021\/02\/karl_hoppler.jpg\",\"width\":200,\"height\":200},{\"@type\":\"WebPage\",\"@id\":\"https:\/\/seniorenakademie-seegemeinden.ch\/#webpage\",\"url\":\"https:\/\/seniorenakademie-seegemeinden.ch\/\",\"name\":\"Home | SeniorenAkademie Seegemeinden\",\"isPartOf\":{\"@id\":\"https:\/\/seniorenakademie-seegemeinden.ch\/#website\"},\"primaryImageOfPage\":{\"@id\":\"https:\/\/seniorenakademie-seegemeinden.ch\/#primaryimage\"},\"datePublished\":\"2021-01-26T18:03:37+00:00\",\"dateModified\":\"2026-01-16T10:59:13+00:00\",\"breadcrumb\":{\"@id\":\"https:\/\/seniorenakademie-seegemeinden.ch\/#breadcrumb\"},\"inLanguage\":\"de-CH\",\"potentialAction\":[{\"@type\":\"ReadAction\",\"target\":[\"https:\/\/seniorenakademie-seegemeinden.ch\/\"]}]},{\"@type\":\"BreadcrumbList\",\"@id\":\"https:\/\/seniorenakademie-seegemeinden.ch\/#breadcrumb\",\"itemListElement\":[{\"@type\":\"ListItem\",\"position\":1,\"name\":\"Home\",\"item\":\"https:\/\/seniorenakademie-seegemeinden.ch\/\"},{\"@type\":\"ListItem\",\"position\":2,\"name\":\"Home\"}]}]}<\/script>\n<!-- \/ Yoast SEO plugin. -->","yoast_head_json":{"title":"Home | SeniorenAkademie Seegemeinden","robots":{"index":"index","follow":"follow","max-snippet":"max-snippet:-1","max-image-preview":"max-image-preview:large","max-video-preview":"max-video-preview:-1"},"canonical":"https:\/\/seniorenakademie-seegemeinden.ch\/","og_locale":"de_DE","og_type":"article","og_title":"Home | SeniorenAkademie Seegemeinden","og_description":"Herzlich willkommen &#8211; 10 Jahre SeniorenAkademie Sehr geehrte Damen und HerrenLiebe Seniorinnen und Senioren Sehr geehrte Damen und Herren, Liebe Seniorinnen und Senioren Ein besonderes Jahr steht bevor: Die SeniorenAkademie feiert 2026 ihr 10-j\u00e4hriges Jubil\u00e4um. Seit einem Jahrzehnt d\u00fcrfen wir gemeinsam mit Ihnen auf Entdeckungsreise gehen. \u00dcber 120 Referenten haben mit Ihren interessanten und spannenden [&hellip;]","og_url":"https:\/\/seniorenakademie-seegemeinden.ch\/","og_site_name":"SeniorenAkademie Seegemeinden","article_modified_time":"2026-01-16T10:59:13+00:00","og_image":[{"url":"https:\/\/seniorenakademie-seegemeinden.ch\/wp-content\/uploads\/2021\/02\/karl_hoppler.jpg"}],"twitter_card":"summary_large_image","twitter_misc":{"Est. reading time":"2 Minuten"},"schema":{"@context":"https:\/\/schema.org","@graph":[{"@type":"Organization","@id":"https:\/\/seniorenakademie-seegemeinden.ch\/#organization","name":"SeniorenAkademie Seegemeinden","url":"https:\/\/seniorenakademie-seegemeinden.ch\/","sameAs":[],"logo":{"@type":"ImageObject","inLanguage":"de-CH","@id":"https:\/\/seniorenakademie-seegemeinden.ch\/#\/schema\/logo\/image\/","url":"https:\/\/seniorenakademie-seegemeinden.ch\/wp-content\/uploads\/2021\/08\/logo_seniorenakademie_seegemeinden.svg","contentUrl":"https:\/\/seniorenakademie-seegemeinden.ch\/wp-content\/uploads\/2021\/08\/logo_seniorenakademie_seegemeinden.svg","width":"1024","height":"1024","caption":"SeniorenAkademie Seegemeinden"},"image":{"@id":"https:\/\/seniorenakademie-seegemeinden.ch\/#\/schema\/logo\/image\/"}},{"@type":"WebSite","@id":"https:\/\/seniorenakademie-seegemeinden.ch\/#website","url":"https:\/\/seniorenakademie-seegemeinden.ch\/","name":"SeniorenAkademie Seegemeinden","description":"Just another WordPress site","publisher":{"@id":"https:\/\/seniorenakademie-seegemeinden.ch\/#organization"},"potentialAction":[{"@type":"SearchAction","target":{"@type":"EntryPoint","urlTemplate":"https:\/\/seniorenakademie-seegemeinden.ch\/?s={search_term_string}"},"query-input":"required name=search_term_string"}],"inLanguage":"de-CH"},{"@type":"ImageObject","inLanguage":"de-CH","@id":"https:\/\/seniorenakademie-seegemeinden.ch\/#primaryimage","url":"https:\/\/seniorenakademie-seegemeinden.ch\/wp-content\/uploads\/2021\/02\/karl_hoppler.jpg","contentUrl":"https:\/\/seniorenakademie-seegemeinden.ch\/wp-content\/uploads\/2021\/02\/karl_hoppler.jpg","width":200,"height":200},{"@type":"WebPage","@id":"https:\/\/seniorenakademie-seegemeinden.ch\/#webpage","url":"https:\/\/seniorenakademie-seegemeinden.ch\/","name":"Home | SeniorenAkademie Seegemeinden","isPartOf":{"@id":"https:\/\/seniorenakademie-seegemeinden.ch\/#website"},"primaryImageOfPage":{"@id":"https:\/\/seniorenakademie-seegemeinden.ch\/#primaryimage"},"datePublished":"2021-01-26T18:03:37+00:00","dateModified":"2026-01-16T10:59:13+00:00","breadcrumb":{"@id":"https:\/\/seniorenakademie-seegemeinden.ch\/#breadcrumb"},"inLanguage":"de-CH","potentialAction":[{"@type":"ReadAction","target":["https:\/\/seniorenakademie-seegemeinden.ch\/"]}]},{"@type":"BreadcrumbList","@id":"https:\/\/seniorenakademie-seegemeinden.ch\/#breadcrumb","itemListElement":[{"@type":"ListItem","position":1,"name":"Home","item":"https:\/\/seniorenakademie-seegemeinden.ch\/"},{"@type":"ListItem","position":2,"name":"Home"}]}]}},"_links":{"self":[{"href":"https:\/\/seniorenakademie-seegemeinden.ch\/index.php\/wp-json\/wp\/v2\/pages\/17"}],"collection":[{"href":"https:\/\/seniorenakademie-seegemeinden.ch\/index.php\/wp-json\/wp\/v2\/pages"}],"about":[{"href":"https:\/\/seniorenakademie-seegemeinden.ch\/index.php\/wp-json\/wp\/v2\/types\/page"}],"author":[{"embeddable":true,"href":"https:\/\/seniorenakademie-seegemeinden.ch\/index.php\/wp-json\/wp\/v2\/users\/1"}],"replies":[{"embeddable":true,"href":"https:\/\/seniorenakademie-seegemeinden.ch\/index.php\/wp-json\/wp\/v2\/comments?post=17"}],"version-history":[{"count":29,"href":"https:\/\/seniorenakademie-seegemeinden.ch\/index.php\/wp-json\/wp\/v2\/pages\/17\/revisions"}],"predecessor-version":[{"id":746,"href":"https:\/\/seniorenakademie-seegemeinden.ch\/index.php\/wp-json\/wp\/v2\/pages\/17\/revisions\/746"}],"wp:attachment":[{"href":"https:\/\/seniorenakademie-seegemeinden.ch\/index.php\/wp-json\/wp\/v2\/media?parent=17"}],"curies":[{"name":"wp","href":"https:\/\/api.w.org\/{rel}","templated":true}]}}