{"id":9,"date":"2021-01-26T18:02:02","date_gmt":"2021-01-26T18:02:02","guid":{"rendered":"https:\/\/www.seniorenakademie-seegemeinden.ch\/_temp\/?page_id=9"},"modified":"2021-05-11T19:53:45","modified_gmt":"2021-05-11T19:53:45","slug":"portrait","status":"publish","type":"page","link":"https:\/\/seniorenakademie-seegemeinden.ch\/index.php\/portrait\/","title":{"rendered":"Portrait"},"content":{"rendered":"\n<h1>Portrait<\/h1>\n\n\n\n<p>Am 23. August 2016 hat das erste Referat der SeniorenAkademie der Seegemeinden stattgefunden. Dr. Walter N\u00e4f,&nbsp; Delegierter der Schweizerischen Nationalbank f\u00fcr regionale Wirtschaftskontakte in der Region Zentralschweiz und Mitglied der Direktion hat \u00fcber Geldpolitik und Einfluss auf das internationale Business gesprochen. Als zweiter Redner referierte Adrian Steiner, CEO Thermoplan AG, \u00fcber den Hochpreisstandort Schweiz.<\/p>\n\n\n\n<p>200 wissbegierige Seniorinnen und Senioren aus der Region waren an der ersten Veranstaltung mit dabei. Von diesem Erfolg befl\u00fcgelt, organisiert Karl Hoppler seither f\u00fcr jedes Semester zwischen drei und vier Veranstaltungen. Er schafft es, bekannte Pers\u00f6nlichkeiten aus Politik, Wirtschaft oder Wissenschaft f\u00fcr die Akademie zu gewinnen. Speziell ist, dass immer eine ausw\u00e4rtige und eine einheimische Referentin resp. Referent zu einem zusammen passenden Thema eingeladen werden.<\/p>\n\n\n\n<p>Interessierte finden im <a href=\"https:\/\/seniorenakademie-seegemeinden.ch\/index.php\/referate\/\" data-type=\"page\" data-id=\"19\">Archiv<\/a> die Programme, Videos und Medienberichte \u00fcber die Referate der vergangenen Jahre.<\/p>\n\n\n\n<p>Im Anschluss an jede Veranstaltung wird ein Ap\u00e9ro serviert. So ist es m\u00f6glich, den Referentinnen und Referenten direkt Fragen zu stellen und gemeinsam \u00fcber das neu erworbene Wissen zu diskutieren.<\/p>\n\n\n\n<p>Die SeniorenAkademie der Seegemeinden hat mittlerweile ihren festen Platz in der Agenda einer jeden interessierten Seniorin oder Seniors. So d\u00fcrfen an den einzelnen Veranstaltungen bis zu 400 Teilnehmende gez\u00e4hlt werden. <\/p>\n\n\n\n<p>Einen speziellen Dank gilt unserem Initiant Karl Hoppler. Er organisiert jeweils mit viel Energie und Engagement spannende Vorlesungen. Es ist ihm ein grosses Anliegen, dass Veranstaltungen und Ap\u00e9ros der Akademie gratis bleiben. <\/p>\n\n\n\n<p> <\/p>\n","protected":false},"excerpt":{"rendered":"<p>Portrait Am 23. August 2016 hat das erste Referat der SeniorenAkademie der Seegemeinden stattgefunden. Dr. Walter N\u00e4f,&nbsp; Delegierter der Schweizerischen Nationalbank f\u00fcr regionale Wirtschaftskontakte in der Region Zentralschweiz und Mitglied der Direktion hat \u00fcber Geldpolitik und Einfluss auf das internationale Business gesprochen. Als zweiter Redner referierte Adrian Steiner, CEO Thermoplan AG, \u00fcber den Hochpreisstandort Schweiz. [&hellip;]<\/p>\n","protected":false},"author":1,"featured_media":43,"parent":0,"menu_order":3,"comment_status":"closed","ping_status":"closed","template":"","meta":{"inline_featured_image":false},"yoast_head":"<!-- This site is optimized with the Yoast SEO plugin v19.0 - https:\/\/yoast.com\/wordpress\/plugins\/seo\/ -->\n<title>Portrait | SeniorenAkademie Seegemeinden<\/title>\n<meta name=\"robots\" content=\"index, follow, max-snippet:-1, max-image-preview:large, max-video-preview:-1\" \/>\n<link rel=\"canonical\" href=\"https:\/\/seniorenakademie-seegemeinden.ch\/index.php\/portrait\/\" \/>\n<meta property=\"og:locale\" content=\"de_DE\" \/>\n<meta property=\"og:type\" content=\"article\" \/>\n<meta property=\"og:title\" content=\"Portrait | SeniorenAkademie Seegemeinden\" \/>\n<meta property=\"og:description\" content=\"Portrait Am 23. August 2016 hat das erste Referat der SeniorenAkademie der Seegemeinden stattgefunden. Dr. Walter N\u00e4f,&nbsp; Delegierter der Schweizerischen Nationalbank f\u00fcr regionale Wirtschaftskontakte in der Region Zentralschweiz und Mitglied der Direktion hat \u00fcber Geldpolitik und Einfluss auf das internationale Business gesprochen. Als zweiter Redner referierte Adrian Steiner, CEO Thermoplan AG, \u00fcber den Hochpreisstandort Schweiz. [&hellip;]\" \/>\n<meta property=\"og:url\" content=\"https:\/\/seniorenakademie-seegemeinden.ch\/index.php\/portrait\/\" \/>\n<meta property=\"og:site_name\" content=\"SeniorenAkademie Seegemeinden\" \/>\n<meta property=\"article:modified_time\" content=\"2021-05-11T19:53:45+00:00\" \/>\n<meta property=\"og:image\" content=\"https:\/\/seniorenakademie-seegemeinden.ch\/wp-content\/uploads\/2021\/02\/20180503_160627665_iOS-1-scaled.jpg\" \/>\n\t<meta property=\"og:image:width\" content=\"2560\" \/>\n\t<meta property=\"og:image:height\" content=\"1920\" \/>\n\t<meta property=\"og:image:type\" content=\"image\/jpeg\" \/>\n<meta name=\"twitter:card\" content=\"summary_large_image\" \/>\n<meta name=\"twitter:label1\" content=\"Est. reading time\" \/>\n\t<meta name=\"twitter:data1\" content=\"1 Minute\" \/>\n<script type=\"application\/ld+json\" class=\"yoast-schema-graph\">{\"@context\":\"https:\/\/schema.org\",\"@graph\":[{\"@type\":\"Organization\",\"@id\":\"https:\/\/seniorenakademie-seegemeinden.ch\/#organization\",\"name\":\"SeniorenAkademie Seegemeinden\",\"url\":\"https:\/\/seniorenakademie-seegemeinden.ch\/\",\"sameAs\":[],\"logo\":{\"@type\":\"ImageObject\",\"inLanguage\":\"de-CH\",\"@id\":\"https:\/\/seniorenakademie-seegemeinden.ch\/#\/schema\/logo\/image\/\",\"url\":\"https:\/\/seniorenakademie-seegemeinden.ch\/wp-content\/uploads\/2021\/08\/logo_seniorenakademie_seegemeinden.svg\",\"contentUrl\":\"https:\/\/seniorenakademie-seegemeinden.ch\/wp-content\/uploads\/2021\/08\/logo_seniorenakademie_seegemeinden.svg\",\"width\":\"1024\",\"height\":\"1024\",\"caption\":\"SeniorenAkademie Seegemeinden\"},\"image\":{\"@id\":\"https:\/\/seniorenakademie-seegemeinden.ch\/#\/schema\/logo\/image\/\"}},{\"@type\":\"WebSite\",\"@id\":\"https:\/\/seniorenakademie-seegemeinden.ch\/#website\",\"url\":\"https:\/\/seniorenakademie-seegemeinden.ch\/\",\"name\":\"SeniorenAkademie Seegemeinden\",\"description\":\"Just another WordPress site\",\"publisher\":{\"@id\":\"https:\/\/seniorenakademie-seegemeinden.ch\/#organization\"},\"potentialAction\":[{\"@type\":\"SearchAction\",\"target\":{\"@type\":\"EntryPoint\",\"urlTemplate\":\"https:\/\/seniorenakademie-seegemeinden.ch\/?s={search_term_string}\"},\"query-input\":\"required name=search_term_string\"}],\"inLanguage\":\"de-CH\"},{\"@type\":\"ImageObject\",\"inLanguage\":\"de-CH\",\"@id\":\"https:\/\/seniorenakademie-seegemeinden.ch\/index.php\/portrait\/#primaryimage\",\"url\":\"https:\/\/seniorenakademie-seegemeinden.ch\/wp-content\/uploads\/2021\/02\/20180503_160627665_iOS-1-scaled.jpg\",\"contentUrl\":\"https:\/\/seniorenakademie-seegemeinden.ch\/wp-content\/uploads\/2021\/02\/20180503_160627665_iOS-1-scaled.jpg\",\"width\":2560,\"height\":1920},{\"@type\":\"WebPage\",\"@id\":\"https:\/\/seniorenakademie-seegemeinden.ch\/index.php\/portrait\/#webpage\",\"url\":\"https:\/\/seniorenakademie-seegemeinden.ch\/index.php\/portrait\/\",\"name\":\"Portrait | SeniorenAkademie Seegemeinden\",\"isPartOf\":{\"@id\":\"https:\/\/seniorenakademie-seegemeinden.ch\/#website\"},\"primaryImageOfPage\":{\"@id\":\"https:\/\/seniorenakademie-seegemeinden.ch\/index.php\/portrait\/#primaryimage\"},\"datePublished\":\"2021-01-26T18:02:02+00:00\",\"dateModified\":\"2021-05-11T19:53:45+00:00\",\"breadcrumb\":{\"@id\":\"https:\/\/seniorenakademie-seegemeinden.ch\/index.php\/portrait\/#breadcrumb\"},\"inLanguage\":\"de-CH\",\"potentialAction\":[{\"@type\":\"ReadAction\",\"target\":[\"https:\/\/seniorenakademie-seegemeinden.ch\/index.php\/portrait\/\"]}]},{\"@type\":\"BreadcrumbList\",\"@id\":\"https:\/\/seniorenakademie-seegemeinden.ch\/index.php\/portrait\/#breadcrumb\",\"itemListElement\":[{\"@type\":\"ListItem\",\"position\":1,\"name\":\"Home\",\"item\":\"https:\/\/seniorenakademie-seegemeinden.ch\/\"},{\"@type\":\"ListItem\",\"position\":2,\"name\":\"Portrait\"}]}]}<\/script>\n<!-- \/ Yoast SEO plugin. -->","yoast_head_json":{"title":"Portrait | SeniorenAkademie Seegemeinden","robots":{"index":"index","follow":"follow","max-snippet":"max-snippet:-1","max-image-preview":"max-image-preview:large","max-video-preview":"max-video-preview:-1"},"canonical":"https:\/\/seniorenakademie-seegemeinden.ch\/index.php\/portrait\/","og_locale":"de_DE","og_type":"article","og_title":"Portrait | SeniorenAkademie Seegemeinden","og_description":"Portrait Am 23. August 2016 hat das erste Referat der SeniorenAkademie der Seegemeinden stattgefunden. Dr. Walter N\u00e4f,&nbsp; Delegierter der Schweizerischen Nationalbank f\u00fcr regionale Wirtschaftskontakte in der Region Zentralschweiz und Mitglied der Direktion hat \u00fcber Geldpolitik und Einfluss auf das internationale Business gesprochen. Als zweiter Redner referierte Adrian Steiner, CEO Thermoplan AG, \u00fcber den Hochpreisstandort Schweiz. [&hellip;]","og_url":"https:\/\/seniorenakademie-seegemeinden.ch\/index.php\/portrait\/","og_site_name":"SeniorenAkademie Seegemeinden","article_modified_time":"2021-05-11T19:53:45+00:00","og_image":[{"width":2560,"height":1920,"url":"https:\/\/seniorenakademie-seegemeinden.ch\/wp-content\/uploads\/2021\/02\/20180503_160627665_iOS-1-scaled.jpg","type":"image\/jpeg"}],"twitter_card":"summary_large_image","twitter_misc":{"Est. reading time":"1 Minute"},"schema":{"@context":"https:\/\/schema.org","@graph":[{"@type":"Organization","@id":"https:\/\/seniorenakademie-seegemeinden.ch\/#organization","name":"SeniorenAkademie Seegemeinden","url":"https:\/\/seniorenakademie-seegemeinden.ch\/","sameAs":[],"logo":{"@type":"ImageObject","inLanguage":"de-CH","@id":"https:\/\/seniorenakademie-seegemeinden.ch\/#\/schema\/logo\/image\/","url":"https:\/\/seniorenakademie-seegemeinden.ch\/wp-content\/uploads\/2021\/08\/logo_seniorenakademie_seegemeinden.svg","contentUrl":"https:\/\/seniorenakademie-seegemeinden.ch\/wp-content\/uploads\/2021\/08\/logo_seniorenakademie_seegemeinden.svg","width":"1024","height":"1024","caption":"SeniorenAkademie Seegemeinden"},"image":{"@id":"https:\/\/seniorenakademie-seegemeinden.ch\/#\/schema\/logo\/image\/"}},{"@type":"WebSite","@id":"https:\/\/seniorenakademie-seegemeinden.ch\/#website","url":"https:\/\/seniorenakademie-seegemeinden.ch\/","name":"SeniorenAkademie Seegemeinden","description":"Just another WordPress site","publisher":{"@id":"https:\/\/seniorenakademie-seegemeinden.ch\/#organization"},"potentialAction":[{"@type":"SearchAction","target":{"@type":"EntryPoint","urlTemplate":"https:\/\/seniorenakademie-seegemeinden.ch\/?s={search_term_string}"},"query-input":"required name=search_term_string"}],"inLanguage":"de-CH"},{"@type":"ImageObject","inLanguage":"de-CH","@id":"https:\/\/seniorenakademie-seegemeinden.ch\/index.php\/portrait\/#primaryimage","url":"https:\/\/seniorenakademie-seegemeinden.ch\/wp-content\/uploads\/2021\/02\/20180503_160627665_iOS-1-scaled.jpg","contentUrl":"https:\/\/seniorenakademie-seegemeinden.ch\/wp-content\/uploads\/2021\/02\/20180503_160627665_iOS-1-scaled.jpg","width":2560,"height":1920},{"@type":"WebPage","@id":"https:\/\/seniorenakademie-seegemeinden.ch\/index.php\/portrait\/#webpage","url":"https:\/\/seniorenakademie-seegemeinden.ch\/index.php\/portrait\/","name":"Portrait | SeniorenAkademie Seegemeinden","isPartOf":{"@id":"https:\/\/seniorenakademie-seegemeinden.ch\/#website"},"primaryImageOfPage":{"@id":"https:\/\/seniorenakademie-seegemeinden.ch\/index.php\/portrait\/#primaryimage"},"datePublished":"2021-01-26T18:02:02+00:00","dateModified":"2021-05-11T19:53:45+00:00","breadcrumb":{"@id":"https:\/\/seniorenakademie-seegemeinden.ch\/index.php\/portrait\/#breadcrumb"},"inLanguage":"de-CH","potentialAction":[{"@type":"ReadAction","target":["https:\/\/seniorenakademie-seegemeinden.ch\/index.php\/portrait\/"]}]},{"@type":"BreadcrumbList","@id":"https:\/\/seniorenakademie-seegemeinden.ch\/index.php\/portrait\/#breadcrumb","itemListElement":[{"@type":"ListItem","position":1,"name":"Home","item":"https:\/\/seniorenakademie-seegemeinden.ch\/"},{"@type":"ListItem","position":2,"name":"Portrait"}]}]}},"_links":{"self":[{"href":"https:\/\/seniorenakademie-seegemeinden.ch\/index.php\/wp-json\/wp\/v2\/pages\/9"}],"collection":[{"href":"https:\/\/seniorenakademie-seegemeinden.ch\/index.php\/wp-json\/wp\/v2\/pages"}],"about":[{"href":"https:\/\/seniorenakademie-seegemeinden.ch\/index.php\/wp-json\/wp\/v2\/types\/page"}],"author":[{"embeddable":true,"href":"https:\/\/seniorenakademie-seegemeinden.ch\/index.php\/wp-json\/wp\/v2\/users\/1"}],"replies":[{"embeddable":true,"href":"https:\/\/seniorenakademie-seegemeinden.ch\/index.php\/wp-json\/wp\/v2\/comments?post=9"}],"version-history":[{"count":9,"href":"https:\/\/seniorenakademie-seegemeinden.ch\/index.php\/wp-json\/wp\/v2\/pages\/9\/revisions"}],"predecessor-version":[{"id":259,"href":"https:\/\/seniorenakademie-seegemeinden.ch\/index.php\/wp-json\/wp\/v2\/pages\/9\/revisions\/259"}],"wp:featuredmedia":[{"embeddable":true,"href":"https:\/\/seniorenakademie-seegemeinden.ch\/index.php\/wp-json\/wp\/v2\/media\/43"}],"wp:attachment":[{"href":"https:\/\/seniorenakademie-seegemeinden.ch\/index.php\/wp-json\/wp\/v2\/media?parent=9"}],"curies":[{"name":"wp","href":"https:\/\/api.w.org\/{rel}","templated":true}]}}